{"id":5294,"date":"2026-02-09T11:02:28","date_gmt":"2026-02-09T14:02:28","guid":{"rendered":"https:\/\/ambarenergia.com.br\/documentos-y-certificados\/"},"modified":"2026-02-09T13:27:38","modified_gmt":"2026-02-09T16:27:38","slug":"documentos-y-certificados","status":"publish","type":"page","link":"https:\/\/ambarenergia.com.br\/es\/documentos-y-certificados\/","title":{"rendered":"Documentos"},"content":{"rendered":"","protected":false},"excerpt":{"rendered":"","protected":false},"author":14,"featured_media":0,"parent":0,"menu_order":0,"comment_status":"closed","ping_status":"closed","template":"page-documentos.php","meta":{"_acf_changed":false,"_uag_custom_page_level_css":"","site-sidebar-layout":"default","site-content-layout":"","ast-site-content-layout":"default","site-content-style":"default","site-sidebar-style":"default","ast-global-header-display":"","ast-banner-title-visibility":"","ast-main-header-display":"","ast-hfb-above-header-display":"","ast-hfb-below-header-display":"","ast-hfb-mobile-header-display":"","site-post-title":"","ast-breadcrumbs-content":"","ast-featured-img":"","footer-sml-layout":"","theme-transparent-header-meta":"default","adv-header-id-meta":"","stick-header-meta":"","header-above-stick-meta":"","header-main-stick-meta":"","header-below-stick-meta":"","astra-migrate-meta-layouts":"default","ast-page-background-enabled":"default","ast-page-background-meta":{"desktop":{"background-color":"","background-image":"","background-repeat":"repeat","background-position":"center center","background-size":"auto","background-attachment":"scroll","background-type":"","background-media":"","overlay-type":"","overlay-color":"","overlay-gradient":""},"tablet":{"background-color":"","background-image":"","background-repeat":"repeat","background-position":"center center","background-size":"auto","background-attachment":"scroll","background-type":"","background-media":"","overlay-type":"","overlay-color":"","overlay-gradient":""},"mobile":{"background-color":"","background-image":"","background-repeat":"repeat","background-position":"center center","background-size":"auto","background-attachment":"scroll","background-type":"","background-media":"","overlay-type":"","overlay-color":"","overlay-gradient":""}},"ast-content-background-meta":{"desktop":{"background-color":"var(--ast-global-color-5)","background-image":"","background-repeat":"repeat","background-position":"center center","background-size":"auto","background-attachment":"scroll","background-type":"","background-media":"","overlay-type":"","overlay-color":"","overlay-gradient":""},"tablet":{"background-color":"var(--ast-global-color-5)","background-image":"","background-repeat":"repeat","background-position":"center center","background-size":"auto","background-attachment":"scroll","background-type":"","background-media":"","overlay-type":"","overlay-color":"","overlay-gradient":""},"mobile":{"background-color":"var(--ast-global-color-5)","background-image":"","background-repeat":"repeat","background-position":"center center","background-size":"auto","background-attachment":"scroll","background-type":"","background-media":"","overlay-type":"","overlay-color":"","overlay-gradient":""}},"footnotes":""},"class_list":["post-5294","page","type-page","status-publish","hentry"],"acf":[],"yoast_head":"<!-- This site is optimized with the Yoast SEO plugin v24.7 - https:\/\/yoast.com\/wordpress\/plugins\/seo\/ -->\n<title>Documentos - \u00c2mbar Energia<\/title>\n<meta name=\"description\" content=\"Generaci\u00f3n, transmisi\u00f3n y comercializaci\u00f3n de energ\u00eda.\" \/>\n<meta name=\"robots\" content=\"index, follow, max-snippet:-1, max-image-preview:large, max-video-preview:-1\" \/>\n<link rel=\"canonical\" href=\"https:\/\/ambarenergia.com.br\/es\/documentos-y-certificados\/\" \/>\n<meta property=\"og:locale\" content=\"es_ES\" \/>\n<meta property=\"og:type\" content=\"article\" \/>\n<meta property=\"og:title\" content=\"Documentos - \u00c2mbar Energia\" \/>\n<meta property=\"og:description\" content=\"Generaci\u00f3n, transmisi\u00f3n y comercializaci\u00f3n de energ\u00eda.\" \/>\n<meta property=\"og:url\" content=\"https:\/\/ambarenergia.com.br\/es\/documentos-y-certificados\/\" \/>\n<meta property=\"og:site_name\" content=\"\u00c2mbar Energia\" \/>\n<meta property=\"article:modified_time\" content=\"2026-02-09T16:27:38+00:00\" \/>\n<meta property=\"og:image\" content=\"https:\/\/ambarenergia.com.br\/wp-content\/uploads\/2024\/06\/ambar-noticia.jpg\" \/>\n\t<meta property=\"og:image:width\" content=\"1920\" \/>\n\t<meta property=\"og:image:height\" content=\"1080\" \/>\n\t<meta property=\"og:image:type\" content=\"image\/jpeg\" \/>\n<meta name=\"twitter:card\" content=\"summary_large_image\" \/>\n<script type=\"application\/ld+json\" class=\"yoast-schema-graph\">{\"@context\":\"https:\/\/schema.org\",\"@graph\":[{\"@type\":\"WebPage\",\"@id\":\"https:\/\/ambarenergia.com.br\/es\/documentos-y-certificados\/\",\"url\":\"https:\/\/ambarenergia.com.br\/es\/documentos-y-certificados\/\",\"name\":\"Documentos - \u00c2mbar Energia\",\"isPartOf\":{\"@id\":\"https:\/\/ambarenergia.com.br\/es\/#website\"},\"datePublished\":\"2026-02-09T14:02:28+00:00\",\"dateModified\":\"2026-02-09T16:27:38+00:00\",\"description\":\"Generaci\u00f3n, transmisi\u00f3n y comercializaci\u00f3n de energ\u00eda.\",\"breadcrumb\":{\"@id\":\"https:\/\/ambarenergia.com.br\/es\/documentos-y-certificados\/#breadcrumb\"},\"inLanguage\":\"es\",\"potentialAction\":[{\"@type\":\"ReadAction\",\"target\":[\"https:\/\/ambarenergia.com.br\/es\/documentos-y-certificados\/\"]}]},{\"@type\":\"BreadcrumbList\",\"@id\":\"https:\/\/ambarenergia.com.br\/es\/documentos-y-certificados\/#breadcrumb\",\"itemListElement\":[{\"@type\":\"ListItem\",\"position\":1,\"name\":\"In\u00edcio\",\"item\":\"https:\/\/ambarenergia.com.br\/es\/\"},{\"@type\":\"ListItem\",\"position\":2,\"name\":\"Documentos\"}]},{\"@type\":\"WebSite\",\"@id\":\"https:\/\/ambarenergia.com.br\/es\/#website\",\"url\":\"https:\/\/ambarenergia.com.br\/es\/\",\"name\":\"\u00c2mbar Energia\",\"description\":\"Generaci\u00f3n, transmisi\u00f3n y comercializaci\u00f3n de energ\u00eda.\",\"publisher\":{\"@id\":\"https:\/\/ambarenergia.com.br\/es\/#organization\"},\"potentialAction\":[{\"@type\":\"SearchAction\",\"target\":{\"@type\":\"EntryPoint\",\"urlTemplate\":\"https:\/\/ambarenergia.com.br\/es\/?s={search_term_string}\"},\"query-input\":{\"@type\":\"PropertyValueSpecification\",\"valueRequired\":true,\"valueName\":\"search_term_string\"}}],\"inLanguage\":\"es\"},{\"@type\":\"Organization\",\"@id\":\"https:\/\/ambarenergia.com.br\/es\/#organization\",\"name\":\"\u00c2mbar Energia\",\"url\":\"https:\/\/ambarenergia.com.br\/es\/\",\"logo\":{\"@type\":\"ImageObject\",\"inLanguage\":\"es\",\"@id\":\"https:\/\/ambarenergia.com.br\/es\/#\/schema\/logo\/image\/\",\"url\":\"https:\/\/ambarenergia.com.br\/wp-content\/uploads\/2024\/04\/Logo_Ambar_Energia_CMYK-01_edited.webp\",\"contentUrl\":\"https:\/\/ambarenergia.com.br\/wp-content\/uploads\/2024\/04\/Logo_Ambar_Energia_CMYK-01_edited.webp\",\"width\":260,\"height\":102,\"caption\":\"\u00c2mbar Energia\"},\"image\":{\"@id\":\"https:\/\/ambarenergia.com.br\/es\/#\/schema\/logo\/image\/\"},\"sameAs\":[\"https:\/\/br.linkedin.com\/company\/ambar-energia\",\"https:\/\/www.instagram.com\/ambarenergia\"]}]}<\/script>\n<!-- \/ Yoast SEO plugin. -->","yoast_head_json":{"title":"Documentos - \u00c2mbar Energia","description":"Generaci\u00f3n, transmisi\u00f3n y comercializaci\u00f3n de energ\u00eda.","robots":{"index":"index","follow":"follow","max-snippet":"max-snippet:-1","max-image-preview":"max-image-preview:large","max-video-preview":"max-video-preview:-1"},"canonical":"https:\/\/ambarenergia.com.br\/es\/documentos-y-certificados\/","og_locale":"es_ES","og_type":"article","og_title":"Documentos - \u00c2mbar Energia","og_description":"Generaci\u00f3n, transmisi\u00f3n y comercializaci\u00f3n de energ\u00eda.","og_url":"https:\/\/ambarenergia.com.br\/es\/documentos-y-certificados\/","og_site_name":"\u00c2mbar Energia","article_modified_time":"2026-02-09T16:27:38+00:00","og_image":[{"width":1920,"height":1080,"url":"https:\/\/ambarenergia.com.br\/wp-content\/uploads\/2024\/06\/ambar-noticia.jpg","type":"image\/jpeg"}],"twitter_card":"summary_large_image","schema":{"@context":"https:\/\/schema.org","@graph":[{"@type":"WebPage","@id":"https:\/\/ambarenergia.com.br\/es\/documentos-y-certificados\/","url":"https:\/\/ambarenergia.com.br\/es\/documentos-y-certificados\/","name":"Documentos - \u00c2mbar Energia","isPartOf":{"@id":"https:\/\/ambarenergia.com.br\/es\/#website"},"datePublished":"2026-02-09T14:02:28+00:00","dateModified":"2026-02-09T16:27:38+00:00","description":"Generaci\u00f3n, transmisi\u00f3n y comercializaci\u00f3n de energ\u00eda.","breadcrumb":{"@id":"https:\/\/ambarenergia.com.br\/es\/documentos-y-certificados\/#breadcrumb"},"inLanguage":"es","potentialAction":[{"@type":"ReadAction","target":["https:\/\/ambarenergia.com.br\/es\/documentos-y-certificados\/"]}]},{"@type":"BreadcrumbList","@id":"https:\/\/ambarenergia.com.br\/es\/documentos-y-certificados\/#breadcrumb","itemListElement":[{"@type":"ListItem","position":1,"name":"In\u00edcio","item":"https:\/\/ambarenergia.com.br\/es\/"},{"@type":"ListItem","position":2,"name":"Documentos"}]},{"@type":"WebSite","@id":"https:\/\/ambarenergia.com.br\/es\/#website","url":"https:\/\/ambarenergia.com.br\/es\/","name":"\u00c2mbar Energia","description":"Generaci\u00f3n, transmisi\u00f3n y comercializaci\u00f3n de energ\u00eda.","publisher":{"@id":"https:\/\/ambarenergia.com.br\/es\/#organization"},"potentialAction":[{"@type":"SearchAction","target":{"@type":"EntryPoint","urlTemplate":"https:\/\/ambarenergia.com.br\/es\/?s={search_term_string}"},"query-input":{"@type":"PropertyValueSpecification","valueRequired":true,"valueName":"search_term_string"}}],"inLanguage":"es"},{"@type":"Organization","@id":"https:\/\/ambarenergia.com.br\/es\/#organization","name":"\u00c2mbar Energia","url":"https:\/\/ambarenergia.com.br\/es\/","logo":{"@type":"ImageObject","inLanguage":"es","@id":"https:\/\/ambarenergia.com.br\/es\/#\/schema\/logo\/image\/","url":"https:\/\/ambarenergia.com.br\/wp-content\/uploads\/2024\/04\/Logo_Ambar_Energia_CMYK-01_edited.webp","contentUrl":"https:\/\/ambarenergia.com.br\/wp-content\/uploads\/2024\/04\/Logo_Ambar_Energia_CMYK-01_edited.webp","width":260,"height":102,"caption":"\u00c2mbar Energia"},"image":{"@id":"https:\/\/ambarenergia.com.br\/es\/#\/schema\/logo\/image\/"},"sameAs":["https:\/\/br.linkedin.com\/company\/ambar-energia","https:\/\/www.instagram.com\/ambarenergia"]}]}},"uagb_featured_image_src":{"full":false,"thumbnail":false,"medium":false,"medium_large":false,"large":false,"1536x1536":false,"2048x2048":false},"uagb_author_info":{"display_name":"lucas.amdb","author_link":"https:\/\/ambarenergia.com.br\/es\/author\/lucas-amdb\/"},"uagb_comment_info":0,"uagb_excerpt":null,"_links":{"self":[{"href":"https:\/\/ambarenergia.com.br\/es\/wp-json\/wp\/v2\/pages\/5294","targetHints":{"allow":["GET"]}}],"collection":[{"href":"https:\/\/ambarenergia.com.br\/es\/wp-json\/wp\/v2\/pages"}],"about":[{"href":"https:\/\/ambarenergia.com.br\/es\/wp-json\/wp\/v2\/types\/page"}],"author":[{"embeddable":true,"href":"https:\/\/ambarenergia.com.br\/es\/wp-json\/wp\/v2\/users\/14"}],"replies":[{"embeddable":true,"href":"https:\/\/ambarenergia.com.br\/es\/wp-json\/wp\/v2\/comments?post=5294"}],"version-history":[{"count":2,"href":"https:\/\/ambarenergia.com.br\/es\/wp-json\/wp\/v2\/pages\/5294\/revisions"}],"predecessor-version":[{"id":5302,"href":"https:\/\/ambarenergia.com.br\/es\/wp-json\/wp\/v2\/pages\/5294\/revisions\/5302"}],"wp:attachment":[{"href":"https:\/\/ambarenergia.com.br\/es\/wp-json\/wp\/v2\/media?parent=5294"}],"curies":[{"name":"wp","href":"https:\/\/api.w.org\/{rel}","templated":true}]}}